{"id":18035,"date":"2014-06-10T11:37:01","date_gmt":"2014-06-10T11:37:01","guid":{"rendered":"http:\/\/www.ilbuonriso.it\/azienda\/?lang=fr"},"modified":"2016-03-03T17:42:49","modified_gmt":"2016-03-03T16:42:49","slug":"azienda","status":"publish","type":"page","link":"https:\/\/www.ilbuonriso.it\/fr\/azienda\/","title":{"rendered":"Entreprise"},"content":{"rendered":"<section class=\"wpb-content-wrapper\"><p>[vc_row row_type=\u00a0\u00bbrow\u00a0\u00bb use_row_as_full_screen_section=\u00a0\u00bbno\u00a0\u00bb type=\u00a0\u00bbfull_width\u00a0\u00bb angled_section=\u00a0\u00bbno\u00a0\u00bb text_align=\u00a0\u00bbleft\u00a0\u00bb background_image_as_pattern=\u00a0\u00bbwithout_pattern\u00a0\u00bb css_animation=\u00a0\u00bb\u00a0\u00bb][vc_column][vc_single_image image=\u00a0\u00bb17054&Prime; img_size=\u00a0\u00bbfull\u00a0\u00bb alignment=\u00a0\u00bbcenter\u00a0\u00bb style=\u00a0\u00bbvc_box_outline\u00a0\u00bb qode_css_animation=\u00a0\u00bb\u00a0\u00bb][\/vc_column][\/vc_row][vc_row row_type=\u00a0\u00bbrow\u00a0\u00bb use_row_as_full_screen_section=\u00a0\u00bbno\u00a0\u00bb type=\u00a0\u00bbgrid\u00a0\u00bb anchor=\u00a0\u00bbportfolio\u00a0\u00bb angled_section=\u00a0\u00bbno\u00a0\u00bb text_align=\u00a0\u00bbleft\u00a0\u00bb background_image_as_pattern=\u00a0\u00bbwithout_pattern\u00a0\u00bb background_color=\u00a0\u00bb#ffffff\u00a0\u00bb padding_top=\u00a0\u00bb86&Prime; padding_bottom=\u00a0\u00bb0&Prime; css_animation=\u00a0\u00bb\u00a0\u00bb][vc_column width=\u00a0\u00bb1\/4&Prime;][vc_column_text]<\/p>\n<h5 style=\"text-align: center;\">FOND\u00c9E<br \/>\nEN<\/h5>\n<p>[\/vc_column_text][vc_separator type=\u00a0\u00bbsmall\u00a0\u00bb position=\u00a0\u00bbcenter\u00a0\u00bb color=\u00a0\u00bb#dd3333&Prime; thickness=\u00a0\u00bb2&Prime; width=\u00a0\u00bb47&Prime; up=\u00a0\u00bb16&Prime; down=\u00a0\u00bb-3&Prime;]<div class=\"q_counter_holder  center\" style=\"\" data-digit=\"1949\"><span class=\"counter  zero\" style=\"\">1949<\/span><\/div>[vc_separator type=\u00a0\u00bbtransparent\u00a0\u00bb up=\u00a0\u00bb58&Prime; down=\u00a0\u00bb0&Prime;][\/vc_column][vc_column width=\u00a0\u00bb1\/4&Prime;][vc_column_text]<\/p>\n<h5 style=\"text-align: center;\">PAQUETS VENDUS CHAQUE ANNN\u00c9E<\/h5>\n<p>[\/vc_column_text][vc_separator type=\u00a0\u00bbsmall\u00a0\u00bb position=\u00a0\u00bbcenter\u00a0\u00bb color=\u00a0\u00bb#dd3333&Prime; thickness=\u00a0\u00bb2&Prime; width=\u00a0\u00bb47&Prime; up=\u00a0\u00bb16&Prime; down=\u00a0\u00bb-3&Prime;]<div class=\"q_counter_holder  center\" style=\"\" data-digit=\"2654032\"><span class=\"counter  zero\" style=\"\">2654032<\/span><\/div>[vc_separator type=\u00a0\u00bbtransparent\u00a0\u00bb up=\u00a0\u00bb58&Prime; down=\u00a0\u00bb0&Prime;][\/vc_column][vc_column width=\u00a0\u00bb1\/4&Prime;][vc_column_text]<\/p>\n<h5 style=\"text-align: center;\">LANCEMENT DES GALETTES BIO<\/h5>\n<p>[\/vc_column_text][vc_separator type=\u00a0\u00bbsmall\u00a0\u00bb position=\u00a0\u00bbcenter\u00a0\u00bb color=\u00a0\u00bb#dd3333&Prime; thickness=\u00a0\u00bb2&Prime; width=\u00a0\u00bb47&Prime; up=\u00a0\u00bb16&Prime; down=\u00a0\u00bb-3&Prime;]<div class=\"q_counter_holder  center\" style=\"\" data-digit=\"2006\"><span class=\"counter  zero\" style=\"\">2006<\/span><\/div>[vc_separator type=\u00a0\u00bbtransparent\u00a0\u00bb up=\u00a0\u00bb58&Prime; down=\u00a0\u00bb0&Prime;][\/vc_column][vc_column width=\u00a0\u00bb1\/4&Prime;][vc_column_text]<\/p>\n<h5 style=\"text-align: center;\">LANCEMENT DE LA LIGNE DE RIZ FIRMA<\/h5>\n<p>[\/vc_column_text][vc_separator type=\u00a0\u00bbsmall\u00a0\u00bb position=\u00a0\u00bbcenter\u00a0\u00bb color=\u00a0\u00bb#dd3333&Prime; thickness=\u00a0\u00bb2&Prime; width=\u00a0\u00bb47&Prime; up=\u00a0\u00bb16&Prime; down=\u00a0\u00bb-3&Prime;]<div class=\"q_counter_holder  center\" style=\"\" data-digit=\"2009\"><span class=\"counter  zero\" style=\"\">2009<\/span><\/div>[vc_separator type=\u00a0\u00bbtransparent\u00a0\u00bb up=\u00a0\u00bb58&Prime; down=\u00a0\u00bb0&Prime;][\/vc_column][\/vc_row][vc_row row_type=\u00a0\u00bbrow\u00a0\u00bb use_row_as_full_screen_section=\u00a0\u00bbno\u00a0\u00bb type=\u00a0\u00bbgrid\u00a0\u00bb angled_section=\u00a0\u00bbno\u00a0\u00bb text_align=\u00a0\u00bbleft\u00a0\u00bb background_image_as_pattern=\u00a0\u00bbwithout_pattern\u00a0\u00bb background_color=\u00a0\u00bb#ffffff\u00a0\u00bb padding_top=\u00a0\u00bb0&Prime; padding_bottom=\u00a0\u00bb11&Prime; css_animation=\u00a0\u00bb\u00a0\u00bb][vc_column][vc_column_text]<\/p>\n<h4 style=\"text-align: center; color: #c01c1d;\">Bon go\u00fbt, Bonne tradition, Bon riz: Buon Riso<\/h4>\n<p>[\/vc_column_text][vc_separator type=\u00a0\u00bbnormal\u00a0\u00bb color=\u00a0\u00bb#e0e0e0&Prime; thickness=\u00a0\u00bb1&Prime; up=\u00a0\u00bb0&Prime; down=\u00a0\u00bb61&Prime;][vc_row_inner row_type=\u00a0\u00bbrow\u00a0\u00bb type=\u00a0\u00bbfull_width\u00a0\u00bb text_align=\u00a0\u00bbleft\u00a0\u00bb css_animation=\u00a0\u00bb\u00a0\u00bb][vc_column_inner width=\u00a0\u00bb1\/3&Prime;][vc_single_image image=\u00a0\u00bb17034&Prime; img_size=\u00a0\u00bbfull\u00a0\u00bb qode_css_animation=\u00a0\u00bbelement_from_fade\u00a0\u00bb transition_delay=\u00a0\u00bb0.3&Prime;][vc_separator type=\u00a0\u00bbtransparent\u00a0\u00bb up=\u00a0\u00bb27&Prime; down=\u00a0\u00bb0&Prime;][vc_column_text]<\/p>\n<h5>Pr\u00e9sent au sein de la famille depuis 1949<\/h5>\n<p>[\/vc_column_text][vc_separator type=\u00a0\u00bbsmall\u00a0\u00bb position=\u00a0\u00bbleft\u00a0\u00bb thickness=\u00a0\u00bb2&Prime; width=\u00a0\u00bb47&Prime; up=\u00a0\u00bb17&Prime; down=\u00a0\u00bb14&Prime;][vc_column_text]Pour les Pi\u00e9montais, de naissance ou d&rsquo;adoption, le sac rouge de Buon Riso Roma est une pr\u00e9sence famili\u00e8re.<br \/>\nC\u2019est celui que nos grands-m\u00e8res utilisaient pour pr\u00e9parer la soupe de riz et pommes de terre en hiver ou pour cuisiner le succulent risotto du dimanche.[\/vc_column_text][vc_separator type=\u00a0\u00bbtransparent\u00a0\u00bb up=\u00a0\u00bb43&Prime; down=\u00a0\u00bb0&Prime;][\/vc_column_inner][vc_column_inner width=\u00a0\u00bb1\/3&Prime;][vc_single_image image=\u00a0\u00bb17017&Prime; img_size=\u00a0\u00bbfull\u00a0\u00bb qode_css_animation=\u00a0\u00bbelement_from_fade\u00a0\u00bb transition_delay=\u00a0\u00bb0.6&Prime;][vc_separator type=\u00a0\u00bbtransparent\u00a0\u00bb up=\u00a0\u00bb27&Prime; down=\u00a0\u00bb0&Prime;][vc_column_text]<\/p>\n<h5>Le riz de la grande tradition<\/h5>\n<p>[\/vc_column_text][vc_separator type=\u00a0\u00bbsmall\u00a0\u00bb position=\u00a0\u00bbleft\u00a0\u00bb thickness=\u00a0\u00bb2&Prime; width=\u00a0\u00bb47&Prime; up=\u00a0\u00bb17&Prime; down=\u00a0\u00bb14&Prime;][vc_column_text]C\u2019est le riz du Pi\u00e9mont.<\/p>\n<p>Le riz de Turin.<\/p>\n<p>Le riz de la grande tradition pi\u00e9montaise.<\/p>\n<p>Le riz de la terre du riz.<\/p>\n<p><a href=\"https:\/\/www.ilbuonriso.it\/fr\/qualita\/\">D\u00e9couvrez les raisons de ses qualit\u00e9s gustatives<\/a>[\/vc_column_text][vc_separator type=\u00a0\u00bbtransparent\u00a0\u00bb up=\u00a0\u00bb43&Prime; down=\u00a0\u00bb0&Prime;][\/vc_column_inner][vc_column_inner width=\u00a0\u00bb1\/3&Prime;][vc_single_image image=\u00a0\u00bb17033&Prime; img_size=\u00a0\u00bbfull\u00a0\u00bb qode_css_animation=\u00a0\u00bbelement_from_fade\u00a0\u00bb transition_delay=\u00a0\u00bb0.9&Prime;][vc_separator type=\u00a0\u00bbtransparent\u00a0\u00bb up=\u00a0\u00bb27&Prime; down=\u00a0\u00bb0&Prime;][vc_column_text]<\/p>\n<h5>Un grain d\u2019histoire<\/h5>\n<p>[\/vc_column_text][vc_separator type=\u00a0\u00bbsmall\u00a0\u00bb position=\u00a0\u00bbleft\u00a0\u00bb thickness=\u00a0\u00bb2&Prime; width=\u00a0\u00bb47&Prime; up=\u00a0\u00bb17&Prime; down=\u00a0\u00bb14&Prime;][vc_column_text]Nous produisons du riz. Et ce, depuis 1949.<br \/>\nNous y mettons autant d&rsquo;engagement que nos fondateurs qui, dans une Italie sortant de la guerre, d\u00e9cid\u00e8rent de cr\u00e9er le Centro Alimentare Buoni Prodotti (Centre Alimentaire de Bons Produits)<br \/>\nUn grain d\u2019histoire du Pi\u00e9mont et du go\u00fbt.[\/vc_column_text][vc_separator type=\u00a0\u00bbtransparent\u00a0\u00bb up=\u00a0\u00bb43&Prime; down=\u00a0\u00bb0&Prime;][\/vc_column_inner][\/vc_row_inner][\/vc_column][\/vc_row][vc_row row_type=\u00a0\u00bbrow\u00a0\u00bb use_row_as_full_screen_section=\u00a0\u00bbno\u00a0\u00bb type=\u00a0\u00bbgrid\u00a0\u00bb angled_section=\u00a0\u00bbno\u00a0\u00bb text_align=\u00a0\u00bbleft\u00a0\u00bb background_image_as_pattern=\u00a0\u00bbwithout_pattern\u00a0\u00bb background_color=\u00a0\u00bb#ffffff\u00a0\u00bb padding_top=\u00a0\u00bb0&Prime; padding_bottom=\u00a0\u00bb16&Prime; css_animation=\u00a0\u00bb\u00a0\u00bb][vc_column][vc_separator type=\u00a0\u00bbnormal\u00a0\u00bb color=\u00a0\u00bb#e0e0e0&Prime; thickness=\u00a0\u00bb1&Prime; up=\u00a0\u00bb0&Prime; down=\u00a0\u00bb62&Prime;][vc_row_inner row_type=\u00a0\u00bbrow\u00a0\u00bb type=\u00a0\u00bbfull_width\u00a0\u00bb text_align=\u00a0\u00bbleft\u00a0\u00bb css_animation=\u00a0\u00bb\u00a0\u00bb][vc_column_inner width=\u00a0\u00bb1\/2&Prime;][vc_single_image image=\u00a0\u00bb17035&Prime; img_size=\u00a0\u00bbfull\u00a0\u00bb qode_css_animation=\u00a0\u00bbelement_from_fade\u00a0\u00bb transition_delay=\u00a0\u00bb0.3&Prime;][vc_separator type=\u00a0\u00bbtransparent\u00a0\u00bb up=\u00a0\u00bb27&Prime; down=\u00a0\u00bb0&Prime;][vc_column_text]<\/p>\n<h5>L&rsquo;\u00e9volution des saveurs<\/h5>\n<p>[\/vc_column_text][vc_separator type=\u00a0\u00bbsmall\u00a0\u00bb position=\u00a0\u00bbleft\u00a0\u00bb thickness=\u00a0\u00bb2&Prime; width=\u00a0\u00bb47&Prime; up=\u00a0\u00bb17&Prime; down=\u00a0\u00bb14&Prime;][vc_column_text]Au fil du temps, les go\u00fbts changent, la culture des saveurs \u00e9volue.<br \/>\nAinsi, \u00e0 c\u00f4t\u00e9 des grands riz classiques du Pi\u00e9mont nous avons cr\u00e9\u00e9 la ligne FIRMA qui comprend des vari\u00e9t\u00e9s sp\u00e9ciales, ethniques et gourmandes. Des riz tr\u00e8s originaux \u00e0 la forte cr\u00e9ativit\u00e9 gastronomique.<br \/>\nParce que l\u2019envie de bonnes choses est de plus en plus forte.[\/vc_column_text][vc_separator type=\u00a0\u00bbtransparent\u00a0\u00bb up=\u00a0\u00bb43&Prime; down=\u00a0\u00bb0&Prime;][\/vc_column_inner][vc_column_inner width=\u00a0\u00bb1\/2&Prime;][vc_single_image image=\u00a0\u00bb16892&Prime; img_size=\u00a0\u00bbfull\u00a0\u00bb qode_css_animation=\u00a0\u00bbelement_from_fade\u00a0\u00bb transition_delay=\u00a0\u00bb0.6&Prime;][vc_separator type=\u00a0\u00bbtransparent\u00a0\u00bb up=\u00a0\u00bb27&Prime; down=\u00a0\u00bb0&Prime;][vc_column_text]<\/p>\n<h5>Notre cr\u00e9do<\/h5>\n<p>[\/vc_column_text][vc_separator type=\u00a0\u00bbsmall\u00a0\u00bb position=\u00a0\u00bbleft\u00a0\u00bb thickness=\u00a0\u00bb2&Prime; width=\u00a0\u00bb47&Prime; up=\u00a0\u00bb17&Prime; down=\u00a0\u00bb14&Prime;][vc_column_text]Nous croyons \u00e0 la bonne tradition du Pi\u00e9mont.<br \/>\nNous croyons que ce territoire offre de splendides excellences.<br \/>\nNous croyons \u00e0 la valeur du travail agricole.<br \/>\nNous croyons \u00e0 la valeur, \u00e0 l\u2019authenticit\u00e9, \u00e0 la qualit\u00e9 constante et durable.<br \/>\nNous croyons que l\u2019exploration de nouvelles cultures gastronomiques est une nourriture \u00e9galement pour l\u2019\u00e2me.<\/p>\n<p><a href=\"https:\/\/www.facebook.com\/IlBuonRiso\" target=\"_blank\">Retrouvons-nous sur Facebook pour en parler<\/a>[\/vc_column_text][vc_separator type=\u00a0\u00bbtransparent\u00a0\u00bb up=\u00a0\u00bb43&Prime; down=\u00a0\u00bb0&Prime;][\/vc_column_inner][\/vc_row_inner][\/vc_column][\/vc_row]<\/p>\n<\/section>","protected":false},"excerpt":{"rendered":"<p>[vc_row row_type=\u00a0\u00bbrow\u00a0\u00bb use_row_as_full_screen_section=\u00a0\u00bbno\u00a0\u00bb type=\u00a0\u00bbfull_width\u00a0\u00bb angled_section=\u00a0\u00bbno\u00a0\u00bb text_align=\u00a0\u00bbleft\u00a0\u00bb background_image_as_pattern=\u00a0\u00bbwithout_pattern\u00a0\u00bb css_animation=\u00a0\u00bb\u00a0\u00bb][vc_column][vc_single_image image=\u00a0\u00bb17054&Prime; img_size=\u00a0\u00bbfull\u00a0\u00bb alignment=\u00a0\u00bbcenter\u00a0\u00bb style=\u00a0\u00bbvc_box_outline\u00a0\u00bb qode_css_animation=\u00a0\u00bb\u00a0\u00bb][\/vc_column][\/vc_row][vc_row row_type=\u00a0\u00bbrow\u00a0\u00bb use_row_as_full_screen_section=\u00a0\u00bbno\u00a0\u00bb type=\u00a0\u00bbgrid\u00a0\u00bb anchor=\u00a0\u00bbportfolio\u00a0\u00bb angled_section=\u00a0\u00bbno\u00a0\u00bb text_align=\u00a0\u00bbleft\u00a0\u00bb background_image_as_pattern=\u00a0\u00bbwithout_pattern\u00a0\u00bb background_color=\u00a0\u00bb#ffffff\u00a0\u00bb padding_top=\u00a0\u00bb86&Prime; padding_bottom=\u00a0\u00bb0&Prime; css_animation=\u00a0\u00bb\u00a0\u00bb][vc_column width=\u00a0\u00bb1\/4&Prime;][vc_column_text] FOND\u00c9E EN [\/vc_column_text][vc_separator type=\u00a0\u00bbsmall\u00a0\u00bb position=\u00a0\u00bbcenter\u00a0\u00bb color=\u00a0\u00bb#dd3333&Prime; thickness=\u00a0\u00bb2&Prime; width=\u00a0\u00bb47&Prime; up=\u00a0\u00bb16&Prime; down=\u00a0\u00bb-3&Prime;][vc_separator type=\u00a0\u00bbtransparent\u00a0\u00bb up=\u00a0\u00bb58&Prime; down=\u00a0\u00bb0&Prime;][\/vc_column][vc_column width=\u00a0\u00bb1\/4&Prime;][vc_column_text] PAQUETS VENDUS CHAQUE ANNN\u00c9E [\/vc_column_text][vc_separator type=\u00a0\u00bbsmall\u00a0\u00bb&#8230;<\/p>\n","protected":false},"author":1,"featured_media":0,"parent":0,"menu_order":0,"comment_status":"open","ping_status":"closed","template":"full_width.php","meta":{"_monsterinsights_skip_tracking":false,"_monsterinsights_sitenote_active":false,"_monsterinsights_sitenote_note":"","_monsterinsights_sitenote_category":0,"footnotes":""},"class_list":["post-18035","page","type-page","status-publish","hentry"],"yoast_head":"<!-- This site is optimized with the Yoast SEO plugin v27.4 - https:\/\/yoast.com\/product\/yoast-seo-wordpress\/ -->\n<title>Entreprise - Il Buon Riso<\/title>\n<meta name=\"robots\" content=\"index, follow, max-snippet:-1, max-image-preview:large, max-video-preview:-1\" \/>\n<link rel=\"canonical\" href=\"https:\/\/www.ilbuonriso.it\/fr\/azienda\/\" \/>\n<meta property=\"og:locale\" content=\"fr_FR\" \/>\n<meta property=\"og:type\" content=\"article\" \/>\n<meta property=\"og:title\" content=\"Entreprise - Il Buon Riso\" \/>\n<meta property=\"og:description\" content=\"[vc_row row_type=\u00a0\u00bbrow\u00a0\u00bb use_row_as_full_screen_section=\u00a0\u00bbno\u00a0\u00bb type=\u00a0\u00bbfull_width\u00a0\u00bb angled_section=\u00a0\u00bbno\u00a0\u00bb text_align=\u00a0\u00bbleft\u00a0\u00bb background_image_as_pattern=\u00a0\u00bbwithout_pattern\u00a0\u00bb css_animation=\u00a0\u00bb\u00a0\u00bb][vc_column][vc_single_image image=\u00a0\u00bb17054&Prime; img_size=\u00a0\u00bbfull\u00a0\u00bb alignment=\u00a0\u00bbcenter\u00a0\u00bb style=\u00a0\u00bbvc_box_outline\u00a0\u00bb qode_css_animation=\u00a0\u00bb\u00a0\u00bb][\/vc_column][\/vc_row][vc_row row_type=\u00a0\u00bbrow\u00a0\u00bb use_row_as_full_screen_section=\u00a0\u00bbno\u00a0\u00bb type=\u00a0\u00bbgrid\u00a0\u00bb anchor=\u00a0\u00bbportfolio\u00a0\u00bb angled_section=\u00a0\u00bbno\u00a0\u00bb text_align=\u00a0\u00bbleft\u00a0\u00bb background_image_as_pattern=\u00a0\u00bbwithout_pattern\u00a0\u00bb background_color=\u00a0\u00bb#ffffff\u00a0\u00bb padding_top=\u00a0\u00bb86&Prime; padding_bottom=\u00a0\u00bb0&Prime; css_animation=\u00a0\u00bb\u00a0\u00bb][vc_column width=\u00a0\u00bb1\/4&Prime;][vc_column_text] FOND\u00c9E EN [\/vc_column_text][vc_separator type=\u00a0\u00bbsmall\u00a0\u00bb position=\u00a0\u00bbcenter\u00a0\u00bb color=\u00a0\u00bb#dd3333&Prime; thickness=\u00a0\u00bb2&Prime; width=\u00a0\u00bb47&Prime; up=\u00a0\u00bb16&Prime; down=\u00a0\u00bb-3&Prime;][vc_separator type=\u00a0\u00bbtransparent\u00a0\u00bb up=\u00a0\u00bb58&Prime; down=\u00a0\u00bb0&Prime;][\/vc_column][vc_column width=\u00a0\u00bb1\/4&Prime;][vc_column_text] PAQUETS VENDUS CHAQUE ANNN\u00c9E [\/vc_column_text][vc_separator type=\u00a0\u00bbsmall\u00a0\u00bb...\" \/>\n<meta property=\"og:url\" content=\"https:\/\/www.ilbuonriso.it\/fr\/azienda\/\" \/>\n<meta property=\"og:site_name\" content=\"Il Buon Riso\" \/>\n<meta property=\"article:modified_time\" content=\"2016-03-03T16:42:49+00:00\" \/>\n<meta name=\"twitter:card\" content=\"summary_large_image\" \/>\n<meta name=\"twitter:label1\" content=\"Dur\u00e9e de lecture estim\u00e9e\" \/>\n\t<meta name=\"twitter:data1\" content=\"5 minutes\" \/>\n<script type=\"application\/ld+json\" class=\"yoast-schema-graph\">{\"@context\":\"https:\\\/\\\/schema.org\",\"@graph\":[{\"@type\":\"WebPage\",\"@id\":\"https:\\\/\\\/www.ilbuonriso.it\\\/fr\\\/azienda\\\/\",\"url\":\"https:\\\/\\\/www.ilbuonriso.it\\\/fr\\\/azienda\\\/\",\"name\":\"Entreprise - Il Buon Riso\",\"isPartOf\":{\"@id\":\"https:\\\/\\\/www.ilbuonriso.it\\\/#website\"},\"datePublished\":\"2014-06-10T11:37:01+00:00\",\"dateModified\":\"2016-03-03T16:42:49+00:00\",\"breadcrumb\":{\"@id\":\"https:\\\/\\\/www.ilbuonriso.it\\\/fr\\\/azienda\\\/#breadcrumb\"},\"inLanguage\":\"fr-FR\",\"potentialAction\":[{\"@type\":\"ReadAction\",\"target\":[\"https:\\\/\\\/www.ilbuonriso.it\\\/fr\\\/azienda\\\/\"]}]},{\"@type\":\"BreadcrumbList\",\"@id\":\"https:\\\/\\\/www.ilbuonriso.it\\\/fr\\\/azienda\\\/#breadcrumb\",\"itemListElement\":[{\"@type\":\"ListItem\",\"position\":1,\"name\":\"Home\",\"item\":\"https:\\\/\\\/www.ilbuonriso.it\\\/fr\\\/\"},{\"@type\":\"ListItem\",\"position\":2,\"name\":\"Entreprise\"}]},{\"@type\":\"WebSite\",\"@id\":\"https:\\\/\\\/www.ilbuonriso.it\\\/#website\",\"url\":\"https:\\\/\\\/www.ilbuonriso.it\\\/\",\"name\":\"Il Buon Riso\",\"description\":\"La passione per la bont\u00e0\",\"potentialAction\":[{\"@type\":\"SearchAction\",\"target\":{\"@type\":\"EntryPoint\",\"urlTemplate\":\"https:\\\/\\\/www.ilbuonriso.it\\\/?s={search_term_string}\"},\"query-input\":{\"@type\":\"PropertyValueSpecification\",\"valueRequired\":true,\"valueName\":\"search_term_string\"}}],\"inLanguage\":\"fr-FR\"}]}<\/script>\n<!-- \/ Yoast SEO plugin. -->","yoast_head_json":{"title":"Entreprise - Il Buon Riso","robots":{"index":"index","follow":"follow","max-snippet":"max-snippet:-1","max-image-preview":"max-image-preview:large","max-video-preview":"max-video-preview:-1"},"canonical":"https:\/\/www.ilbuonriso.it\/fr\/azienda\/","og_locale":"fr_FR","og_type":"article","og_title":"Entreprise - Il Buon Riso","og_description":"[vc_row row_type=\u00a0\u00bbrow\u00a0\u00bb use_row_as_full_screen_section=\u00a0\u00bbno\u00a0\u00bb type=\u00a0\u00bbfull_width\u00a0\u00bb angled_section=\u00a0\u00bbno\u00a0\u00bb text_align=\u00a0\u00bbleft\u00a0\u00bb background_image_as_pattern=\u00a0\u00bbwithout_pattern\u00a0\u00bb css_animation=\u00a0\u00bb\u00a0\u00bb][vc_column][vc_single_image image=\u00a0\u00bb17054&Prime; img_size=\u00a0\u00bbfull\u00a0\u00bb alignment=\u00a0\u00bbcenter\u00a0\u00bb style=\u00a0\u00bbvc_box_outline\u00a0\u00bb qode_css_animation=\u00a0\u00bb\u00a0\u00bb][\/vc_column][\/vc_row][vc_row row_type=\u00a0\u00bbrow\u00a0\u00bb use_row_as_full_screen_section=\u00a0\u00bbno\u00a0\u00bb type=\u00a0\u00bbgrid\u00a0\u00bb anchor=\u00a0\u00bbportfolio\u00a0\u00bb angled_section=\u00a0\u00bbno\u00a0\u00bb text_align=\u00a0\u00bbleft\u00a0\u00bb background_image_as_pattern=\u00a0\u00bbwithout_pattern\u00a0\u00bb background_color=\u00a0\u00bb#ffffff\u00a0\u00bb padding_top=\u00a0\u00bb86&Prime; padding_bottom=\u00a0\u00bb0&Prime; css_animation=\u00a0\u00bb\u00a0\u00bb][vc_column width=\u00a0\u00bb1\/4&Prime;][vc_column_text] FOND\u00c9E EN [\/vc_column_text][vc_separator type=\u00a0\u00bbsmall\u00a0\u00bb position=\u00a0\u00bbcenter\u00a0\u00bb color=\u00a0\u00bb#dd3333&Prime; thickness=\u00a0\u00bb2&Prime; width=\u00a0\u00bb47&Prime; up=\u00a0\u00bb16&Prime; down=\u00a0\u00bb-3&Prime;][vc_separator type=\u00a0\u00bbtransparent\u00a0\u00bb up=\u00a0\u00bb58&Prime; down=\u00a0\u00bb0&Prime;][\/vc_column][vc_column width=\u00a0\u00bb1\/4&Prime;][vc_column_text] PAQUETS VENDUS CHAQUE ANNN\u00c9E [\/vc_column_text][vc_separator type=\u00a0\u00bbsmall\u00a0\u00bb...","og_url":"https:\/\/www.ilbuonriso.it\/fr\/azienda\/","og_site_name":"Il Buon Riso","article_modified_time":"2016-03-03T16:42:49+00:00","twitter_card":"summary_large_image","twitter_misc":{"Dur\u00e9e de lecture estim\u00e9e":"5 minutes"},"schema":{"@context":"https:\/\/schema.org","@graph":[{"@type":"WebPage","@id":"https:\/\/www.ilbuonriso.it\/fr\/azienda\/","url":"https:\/\/www.ilbuonriso.it\/fr\/azienda\/","name":"Entreprise - Il Buon Riso","isPartOf":{"@id":"https:\/\/www.ilbuonriso.it\/#website"},"datePublished":"2014-06-10T11:37:01+00:00","dateModified":"2016-03-03T16:42:49+00:00","breadcrumb":{"@id":"https:\/\/www.ilbuonriso.it\/fr\/azienda\/#breadcrumb"},"inLanguage":"fr-FR","potentialAction":[{"@type":"ReadAction","target":["https:\/\/www.ilbuonriso.it\/fr\/azienda\/"]}]},{"@type":"BreadcrumbList","@id":"https:\/\/www.ilbuonriso.it\/fr\/azienda\/#breadcrumb","itemListElement":[{"@type":"ListItem","position":1,"name":"Home","item":"https:\/\/www.ilbuonriso.it\/fr\/"},{"@type":"ListItem","position":2,"name":"Entreprise"}]},{"@type":"WebSite","@id":"https:\/\/www.ilbuonriso.it\/#website","url":"https:\/\/www.ilbuonriso.it\/","name":"Il Buon Riso","description":"La passione per la bont\u00e0","potentialAction":[{"@type":"SearchAction","target":{"@type":"EntryPoint","urlTemplate":"https:\/\/www.ilbuonriso.it\/?s={search_term_string}"},"query-input":{"@type":"PropertyValueSpecification","valueRequired":true,"valueName":"search_term_string"}}],"inLanguage":"fr-FR"}]}},"_links":{"self":[{"href":"https:\/\/www.ilbuonriso.it\/fr\/wp-json\/wp\/v2\/pages\/18035","targetHints":{"allow":["GET"]}}],"collection":[{"href":"https:\/\/www.ilbuonriso.it\/fr\/wp-json\/wp\/v2\/pages"}],"about":[{"href":"https:\/\/www.ilbuonriso.it\/fr\/wp-json\/wp\/v2\/types\/page"}],"author":[{"embeddable":true,"href":"https:\/\/www.ilbuonriso.it\/fr\/wp-json\/wp\/v2\/users\/1"}],"replies":[{"embeddable":true,"href":"https:\/\/www.ilbuonriso.it\/fr\/wp-json\/wp\/v2\/comments?post=18035"}],"version-history":[{"count":4,"href":"https:\/\/www.ilbuonriso.it\/fr\/wp-json\/wp\/v2\/pages\/18035\/revisions"}],"predecessor-version":[{"id":18089,"href":"https:\/\/www.ilbuonriso.it\/fr\/wp-json\/wp\/v2\/pages\/18035\/revisions\/18089"}],"wp:attachment":[{"href":"https:\/\/www.ilbuonriso.it\/fr\/wp-json\/wp\/v2\/media?parent=18035"}],"curies":[{"name":"wp","href":"https:\/\/api.w.org\/{rel}","templated":true}]}}